{"id":48,"date":"2013-05-03T08:28:56","date_gmt":"2013-05-03T08:28:56","guid":{"rendered":"https:\/\/en.uyghuracademy.org\/?page_id=48"},"modified":"2019-08-08T07:24:31","modified_gmt":"2019-08-08T07:24:31","slug":"tevfik-scholarship","status":"publish","type":"page","link":"https:\/\/en.uyghuracademy.org\/?page_id=48","title":{"rendered":"Tevfik Fond"},"content":{"rendered":"<p style=\"text-align: left;\" align=\"right\"><span style=\"color: #0000ff;\"><strong>Uyghur Academy Tevfik Fond<\/strong><\/span><\/p>\n<p style=\"text-align: left;\" align=\"right\"><span style=\"color: #0000ff;\"><strong>The Purpose of the Fond<\/strong><\/span><\/p>\n<p style=\"text-align: left;\" align=\"right\">It\u2019s a fact that there are outstanding students with financial difficulties in the Uyghur Region and abroad, for whom a collective financial assistance is needed. Even though some efforts were made in this regard, the strong demand and expectancy from the public remained unmet, due to their discontinuity and intermittence. There are students who failed to obtain diploma and remained unemployed, simply because of failing to pay their tuition. This situation deeply saddens us and is definitely worth our attention.<\/p>\n<p style=\"text-align: left;\" align=\"right\">In order to assist outstanding students with financial difficulties, the Uyghur Academy officially created \u201cTevfik Scholarship\u201d in 2012.<\/p>\n<p style=\"text-align: left;\" align=\"right\"><span style=\"color: #0000ff;\"><strong>Areas of Application:<\/strong><\/span> Uyghur students from the Uyghur region and abroad, with good academic standing and need financial assistance.<\/p>\n<p style=\"text-align: left;\" align=\"right\"><span style=\"color: #0000ff;\"><strong>Eligibility Requirements:<\/strong><\/span>\u00a0Uyghur Students with good academic standing and virtue, and in need of financial assistance.<\/p>\n<p style=\"text-align: left;\" align=\"right\"><span style=\"color: #0000ff;\"><strong>Note:<\/strong><\/span> the applicants will be required to present their projects and action plans in an academic field that are beneficial for the Uyghurs or relevant to his\/her area of specialization.<\/p>\n<p style=\"text-align: left;\" align=\"right\"><span style=\"color: #0000ff;\"><strong>Donation Acceptance Policy:<\/strong> <\/span>The Uyghur Academy will never release the contributor\u2019s name to the public unless asked otherwise, and will provide the contributor with detailed report and proof regarding the usage of the fund. We sincerely hope contributors to contact us and assist our students within their financial capabilities.<\/p>\n<p style=\"text-align: left;\" align=\"right\">Sincerely,<br \/>\nThe Uyghur Academy Standing Committee<\/p>\n<p style=\"text-align: left;\" align=\"right\"><span style=\"color: #0000ff;\"><strong>Donation<\/strong><\/span><\/p>\n<p style=\"text-align: left;\">1.<strong>\u00a0Bank Account<\/strong><\/p>\n<p>2. <strong>Uyghur Academy&#8217;s Paypal account email:\u00a0uyghuracademy@gmail.com<\/strong><\/p>\n<hr \/>\n<p><a href=\"https:\/\/en.uyghuracademy.org\/wp-content\/uploads\/2013\/05\/Tewpiq-Mukapati.jpg\"><img loading=\"lazy\" decoding=\"async\" class=\"aligncenter wp-image-424\" src=\"https:\/\/en.uyghuracademy.org\/wp-content\/uploads\/2013\/05\/Tewpiq-Mukapati-300x89.jpg\" alt=\"\" width=\"600\" height=\"178\" srcset=\"https:\/\/en.uyghuracademy.org\/wp-content\/uploads\/2013\/05\/Tewpiq-Mukapati-300x89.jpg 300w, https:\/\/en.uyghuracademy.org\/wp-content\/uploads\/2013\/05\/Tewpiq-Mukapati-768x228.jpg 768w, https:\/\/en.uyghuracademy.org\/wp-content\/uploads\/2013\/05\/Tewpiq-Mukapati-1024x304.jpg 1024w, https:\/\/en.uyghuracademy.org\/wp-content\/uploads\/2013\/05\/Tewpiq-Mukapati.jpg 1916w\" sizes=\"auto, (max-width: 600px) 100vw, 600px\" \/><\/a><\/p>\n<p><span style=\"color: #0000ff;\"><strong>Tevfik Scholarship<\/strong><\/span><\/p>\n<p style=\"text-align: left;\">For the past 7 years, the Uyghur Academy has received affirmations and support for its efforts from Uyghur scholars, specialists, intellectuals and university students from the Uyghur region and countries all over the world.<\/p>\n<p>In order to support increasing number of competent Uyghur youth to join the academic society, the Uyghur Academy established the \u201cTevfik Scholarship\u201d with the help of Uyghur communities abroad that are supportive of education, and awarded 2 undergraduate, 17 master\u2019s and 9 Doctoral, a total of 28 financially-constrained students in 2014,2015 and 2016 academic years.<\/p>\n<p style=\"text-align: left;\">The &#8220;Tevfik Scholarship&#8221; has been a great relief for promising students with financial difficulties since its creation. With the support of contributors, the Uyghur Academy continues to award the scholarship for 2016-2017 academic year.<\/p>\n<p>The applicants should meet the following eligibility criteria:<\/p>\n<p style=\"text-align: left;\">1) Must be a self-funded student enrolled in a bachelor\u2019s, master\u2019s or doctoral program at a university in Turkey.<br \/>\n2) Hadn\u2019t received scholarship or financial aid from any government entity<br \/>\n3) Should be in good academic standing, demonstrate exemplary conduct in social relations, and actively and voluntarily participate in academic activities organized by the Uyghur Academy.<\/p>\n<p>The eligible applicants should send the following materials directly to the Uyghur Academy via mail or email:<\/p>\n<p>1. &#8220;Tevfik Scholarship\u201d student application form<br \/>\n2. Certificate of enrollment (Student ID)<br \/>\n3.\u00a0The most recent transcript<br \/>\n4. A copy of passport<br \/>\n5. A copy of Turkish Residency Permit<br \/>\n6. Resum\u00e9<br \/>\n7. Statement of purpose, plan of study, and post-graduation plan<br \/>\n8. Two letter of recommendation (one from academic advisor, and the other from an Uyghur community member successful in his\/her academic field)<br \/>\n9. Previous awards and accomplishments (foreign-language proficiency certificates, computer skills test results, published papers, etc.)<br \/>\n10.\u00a0Written statement expressing the applicant\u2019s non-receiving of any scholarship or financial aid from any government entity<\/p>\n<p style=\"margin-right: 28.0pt;\"><span style=\"color: #0000ff;\"><strong>Scholarship Amounts:\u00a0<\/strong><\/span><br \/>\nDoctoral Students 400 Turkish Lira<br \/>\nMaster\u2019s Students 350 Turkish Lira<br \/>\nUndergraduate Students 300 Turkish Lira<\/p>\n<p style=\"margin-right: 28.0pt;\">The students that are awarded this scholarship for current academic year, may apply for the next academic year according to their academic records and accomplishments.<\/p>\n<p style=\"margin-right: 28.0pt;\"><span style=\"color: #0000ff;\"><strong>Application deadline for academic year 2016-2017:<\/strong><\/span> October 31<sup>st<\/sup> 2016<\/p>\n<p style=\"margin-right: 28.0pt;\">Please contact the scholarship office at:<br \/>\nEmail: memtililtewpiq@gmail.com<br \/>\nPhone: 05306677851<br \/>\n<span style=\"font-size: 14.0pt; font-family: 'UKIJ Tuz Tor',sans-serif;\"><br \/>\n<em>-The Uyghur Academy &#8220;Tevfik Scholarship&#8221; Evaluation Committee<\/em><\/span><\/p>\n<p style=\"text-align: left;\"><span style=\"color: #0000ff;\"><strong>Tevfik Scholarship Statistics<\/strong><\/span><\/p>\n<p style=\"text-align: left;\">Year \u00a0 \u00a0 \u00a0 \u00a0Master&#8217;s \u00a0 \u00a0 \u00a0 \u00a0 Doctoral \u00a0 \u00a0 \u00a0 \u00a0 \u00a0 \u00a0Bachelor&#8217;s<\/p>\n<p style=\"text-align: left;\">2014 \u00a0 \u00a0 \u00a0 \u00a0 \u00a0 5 \u00a0 \u00a0 \u00a0 \u00a0 \u00a0 \u00a0 \u00a0 \u00a0 \u00a0 2 \u00a0 \u00a0 \u00a0 \u00a0 \u00a0 \u00a0 \u00a0 \u00a0 \u00a0 \u00a0 \u00a0 \u00a0\u2013<\/p>\n<p style=\"text-align: left;\">2015 \u00a0 \u00a0 \u00a0 \u00a0 \u00a0 8 \u00a0 \u00a0 \u00a0 \u00a0 \u00a0 \u00a0 \u00a0 \u00a0 \u00a0 2 \u00a0 \u00a0 \u00a0 \u00a0 \u00a0 \u00a0 \u00a0 \u00a0 \u00a0 \u00a0 \u00a0 \u00a0\u2013<\/p>\n<p style=\"text-align: left;\">2016 \u00a0 \u00a0 \u00a0 \u00a0 \u00a0 4 \u00a0 \u00a0 \u00a0 \u00a0 \u00a0 \u00a0 \u00a0 \u00a0 \u00a0 5 \u00a0 \u00a0 \u00a0 \u00a0 \u00a0 \u00a0 \u00a0 \u00a0 \u00a0 \u00a0 \u00a0 \u00a02<\/p>\n<p style=\"text-align: left;\"><strong>Total \u00a0 \u00a0 \u00a0 \u00a0 17 \u00a0 \u00a0 \u00a0 \u00a0 \u00a0 \u00a0 \u00a0 \u00a0 \u00a0 9 \u00a0 \u00a0 \u00a0 \u00a0 \u00a0 \u00a0 \u00a0 \u00a0 \u00a0 \u00a0 \u00a0 \u00a02<\/strong><\/p>\n<p>&nbsp;<\/p>\n<hr \/>\n<p><span style=\"color: #0000ff;\"><strong>Tevfik Fond Bank Account<\/strong><\/span><img loading=\"lazy\" decoding=\"async\" class=\"alignright \" src=\"http:\/\/www.akademiye.org\/ug\/wp-content\/uploads\/2012\/06\/bank.jpg\" alt=\"\" width=\"271\" height=\"217\" \/><\/p>\n<p><span style=\"color: #0000ff;\">T\u00fcrkiye Finans Kat\u0131l\u0131m Bankas\u0131<\/span><\/p>\n<p>Account Holder: Uluslararas\u0131 Uygur Akademisyenler Derne\u011fi<\/p>\n<p>Account Number : 1104815-1<\/p>\n<p>Certificate Number : 011048150001000<\/p>\n<p>86 \u2013 F\u0131nd\u0131kzade \u015eube<\/p>\n<p>IBAN NO: TR 9200 2060 0086 0110 4815 0001<\/p>\n<p>======================================================<\/p>\n<p>Please contact the Uyghur Academy regarding donations at:<\/p>\n<div>\n<div>\n<p><span style=\"color: #0000ff;\"><strong>Uyghur Academy<\/strong><\/span><\/p>\n<p>Address: \u015eehrimeni Mah. B\u00f6rek\u00e7i Veli Sok. No: 38\/4 \u00a0Fatih, Istanbul \/ TURKEY<\/p>\n<p>Mobile Phone: 05306677851<\/p>\n<p>E-mail:\u00a0uyghuracademy@gmail.com<\/p>\n<p>Web:\u00a0<a href=\"http:\/\/www.akademiye.org\/ug\/www.akademiye.org\" target=\"_blank\" rel=\"noopener noreferrer\">www.akademiye.org<\/a><\/p>\n<p><a title=\"\" href=\"http:\/\/www.facebook.com\/pages\/Uyghur-Academy\/127692677312761\" target=\"_blank\" rel=\"noopener noreferrer\">Uyghur Academy Facebook<\/a><\/p>\n<\/div>\n<\/div>\n","protected":false},"excerpt":{"rendered":"<p>Uyghur Academy Tevfik Fond The Purpose of the Fond It\u2019s a fact that there are outstanding students with financial difficulties in the Uyghur Region and abroad, for whom a collective financial assistance is needed. Even though some efforts were made in this regard, the strong demand and expectancy from the public remained unmet, due to [&hellip;]<\/p>\n","protected":false},"author":8,"featured_media":0,"parent":0,"menu_order":3,"comment_status":"open","ping_status":"closed","template":"","meta":{"footnotes":""},"class_list":["post-48","page","type-page","status-publish","hentry"],"_links":{"self":[{"href":"https:\/\/en.uyghuracademy.org\/index.php?rest_route=\/wp\/v2\/pages\/48","targetHints":{"allow":["GET"]}}],"collection":[{"href":"https:\/\/en.uyghuracademy.org\/index.php?rest_route=\/wp\/v2\/pages"}],"about":[{"href":"https:\/\/en.uyghuracademy.org\/index.php?rest_route=\/wp\/v2\/types\/page"}],"author":[{"embeddable":true,"href":"https:\/\/en.uyghuracademy.org\/index.php?rest_route=\/wp\/v2\/users\/8"}],"replies":[{"embeddable":true,"href":"https:\/\/en.uyghuracademy.org\/index.php?rest_route=%2Fwp%2Fv2%2Fcomments&post=48"}],"version-history":[{"count":28,"href":"https:\/\/en.uyghuracademy.org\/index.php?rest_route=\/wp\/v2\/pages\/48\/revisions"}],"predecessor-version":[{"id":1389,"href":"https:\/\/en.uyghuracademy.org\/index.php?rest_route=\/wp\/v2\/pages\/48\/revisions\/1389"}],"wp:attachment":[{"href":"https:\/\/en.uyghuracademy.org\/index.php?rest_route=%2Fwp%2Fv2%2Fmedia&parent=48"}],"curies":[{"name":"wp","href":"https:\/\/api.w.org\/{rel}","templated":true}]}}